{"id":189,"date":"2021-10-23T10:44:17","date_gmt":"2021-10-23T10:44:17","guid":{"rendered":"https:\/\/viride-construction.com\/?page_id=189"},"modified":"2021-10-23T11:25:21","modified_gmt":"2021-10-23T11:25:21","slug":"interior-design","status":"publish","type":"page","link":"https:\/\/viride-construction.com\/et\/interior-design\/","title":{"rendered":"Sisemine disain"},"content":{"rendered":"<div data-elementor-type=\"wp-page\" data-elementor-id=\"189\" class=\"elementor elementor-189\" data-elementor-post-type=\"page\">\n\t\t\t\t\t\t<section class=\"elementor-section elementor-top-section elementor-element elementor-element-2a21fa2 elementor-section-full_width elementor-section-height-min-height elementor-section-height-default elementor-section-items-middle\" data-id=\"2a21fa2\" data-element_type=\"section\" data-settings=\"{&quot;background_background&quot;:&quot;classic&quot;,&quot;background_motion_fx_motion_fx_scrolling&quot;:&quot;yes&quot;,&quot;background_motion_fx_translateY_effect&quot;:&quot;yes&quot;,&quot;background_motion_fx_translateY_speed&quot;:{&quot;unit&quot;:&quot;px&quot;,&quot;size&quot;:10,&quot;sizes&quot;:[]},&quot;background_motion_fx_translateY_affectedRange&quot;:{&quot;unit&quot;:&quot;%&quot;,&quot;size&quot;:&quot;&quot;,&quot;sizes&quot;:{&quot;start&quot;:0,&quot;end&quot;:100}},&quot;background_motion_fx_devices&quot;:[&quot;desktop&quot;,&quot;tablet&quot;,&quot;mobile&quot;]}\">\n\t\t\t\t\t\t<div class=\"elementor-container elementor-column-gap-default\">\n\t\t\t\t\t<div class=\"elementor-column elementor-col-100 elementor-top-column elementor-element elementor-element-5ee7dfb\" data-id=\"5ee7dfb\" data-element_type=\"column\">\n\t\t\t<div class=\"elementor-widget-wrap elementor-element-populated\">\n\t\t\t\t\t\t<div class=\"elementor-element elementor-element-5a0c1c5 elementor-widget__width-auto elementor-widget elementor-widget-heading\" data-id=\"5a0c1c5\" data-element_type=\"widget\" data-widget_type=\"heading.default\">\n\t\t\t\t<div class=\"elementor-widget-container\">\n\t\t\t<h2 class=\"elementor-heading-title elementor-size-default\">Sisemine disain<\/h2>\t\t<\/div>\n\t\t\t\t<\/div>\n\t\t\t\t\t<\/div>\n\t\t<\/div>\n\t\t\t\t\t<\/div>\n\t\t<\/section>\n\t\t\t\t<section class=\"elementor-section elementor-top-section elementor-element elementor-element-c27d1f5 elementor-section-boxed elementor-section-height-default elementor-section-height-default\" data-id=\"c27d1f5\" data-element_type=\"section\">\n\t\t\t\t\t\t<div class=\"elementor-container elementor-column-gap-default\">\n\t\t\t\t\t<div class=\"elementor-column elementor-col-100 elementor-top-column elementor-element elementor-element-e8425dd\" data-id=\"e8425dd\" data-element_type=\"column\">\n\t\t\t<div class=\"elementor-widget-wrap elementor-element-populated\">\n\t\t\t\t\t\t<div class=\"elementor-element elementor-element-bf0bb02 elementor-widget elementor-widget-image\" data-id=\"bf0bb02\" data-element_type=\"widget\" data-widget_type=\"image.default\">\n\t\t\t\t<div class=\"elementor-widget-container\">\n\t\t\t\t\t\t\t\t\t\t\t\t\t<img fetchpriority=\"high\" decoding=\"async\" width=\"800\" height=\"533\" src=\"https:\/\/viride-construction.com\/wp-content\/uploads\/2021\/10\/image-des-1024x682.jpg\" class=\"attachment-large size-large wp-image-194\" alt=\"\" srcset=\"https:\/\/viride-construction.com\/wp-content\/uploads\/2021\/10\/image-des-1024x682.jpg 1024w, https:\/\/viride-construction.com\/wp-content\/uploads\/2021\/10\/image-des-300x200.jpg 300w, https:\/\/viride-construction.com\/wp-content\/uploads\/2021\/10\/image-des-768x512.jpg 768w, https:\/\/viride-construction.com\/wp-content\/uploads\/2021\/10\/image-des.jpg 1520w\" sizes=\"(max-width: 800px) 100vw, 800px\" \/>\t\t\t\t\t\t\t\t\t\t\t\t\t<\/div>\n\t\t\t\t<\/div>\n\t\t\t\t<div class=\"elementor-element elementor-element-76a14cb elementor-widget elementor-widget-heading\" data-id=\"76a14cb\" data-element_type=\"widget\" data-widget_type=\"heading.default\">\n\t\t\t\t<div class=\"elementor-widget-container\">\n\t\t\t<h2 class=\"elementor-heading-title elementor-size-default\">L\u00f5petades erimaja ehitust teostatakse siseruumide viimistlus \u2013 k\u00e4esolev etapp aitab parandada sisekujunduse v\u00e4limust ja luua kaitsebarj\u00e4\u00e4ri seinte jaoks. Viimistlusel on vajalik disaineri abi, kes modelleerib tulevase sisustuse arvutivariandis. Viimistlusmaterjalide ratsionaalne valik v\u00f5imaldab v\u00e4hendada rahalisi kulutusi siset\u00f6\u00f6dele.<\/h2>\t\t<\/div>\n\t\t\t\t<\/div>\n\t\t\t\t<div class=\"elementor-element elementor-element-231febf elementor-widget elementor-widget-text-editor\" data-id=\"231febf\" data-element_type=\"widget\" data-widget_type=\"text-editor.default\">\n\t\t\t\t<div class=\"elementor-widget-container\">\n\t\t\t\t\t\t\t<p>Meie ettev\u00f5te pakub kompleksset teenust, mis sisaldab disaini arendamist ja viimistlust maja sees, mis on teostatud professionaalsete meistrite poolt vastavalt rangetele Euroopa ja siseriiklikele eeskirjadele.<\/p>\t\t\t\t\t\t<\/div>\n\t\t\t\t<\/div>\n\t\t\t\t<div class=\"elementor-element elementor-element-f01aa98 elementor-icon-list--layout-traditional elementor-list-item-link-full_width elementor-widget elementor-widget-icon-list\" data-id=\"f01aa98\" data-element_type=\"widget\" data-widget_type=\"icon-list.default\">\n\t\t\t\t<div class=\"elementor-widget-container\">\n\t\t\t\t\t<ul class=\"elementor-icon-list-items\">\n\t\t\t\t\t\t\t<li class=\"elementor-icon-list-item\">\n\t\t\t\t\t\t\t\t\t\t\t<span class=\"elementor-icon-list-icon\">\n\t\t\t\t\t\t\t<i aria-hidden=\"true\" class=\"fas fa-check\"><\/i>\t\t\t\t\t\t<\/span>\n\t\t\t\t\t\t\t\t\t\t<span class=\"elementor-icon-list-text\">K\u00f5ikide ruumide funktsionaalne ja ratsionaalne planeerimine majas.<\/span>\n\t\t\t\t\t\t\t\t\t<\/li>\n\t\t\t\t\t\t\t\t<li class=\"elementor-icon-list-item\">\n\t\t\t\t\t\t\t\t\t\t\t<span class=\"elementor-icon-list-icon\">\n\t\t\t\t\t\t\t<i aria-hidden=\"true\" class=\"fas fa-check\"><\/i>\t\t\t\t\t\t<\/span>\n\t\t\t\t\t\t\t\t\t\t<span class=\"elementor-icon-list-text\">M\u00f6\u00f6bli valik, seadmete, viimistlusmaterjalide, valgustuse ja k\u00f5ikide ruumide kaunistus.<\/span>\n\t\t\t\t\t\t\t\t\t<\/li>\n\t\t\t\t\t\t\t\t<li class=\"elementor-icon-list-item\">\n\t\t\t\t\t\t\t\t\t\t\t<span class=\"elementor-icon-list-icon\">\n\t\t\t\t\t\t\t<i aria-hidden=\"true\" class=\"fas fa-check\"><\/i>\t\t\t\t\t\t<\/span>\n\t\t\t\t\t\t\t\t\t\t<span class=\"elementor-icon-list-text\">K\u00f5ikide sidust\u00e4itjate t\u00f6\u00f6 koordinatsioon (elektrikute, sanitaartehnikute, viimistlejate, dekoraatorite, m\u00f6\u00f6belseppade).<\/span>\n\t\t\t\t\t\t\t\t\t<\/li>\n\t\t\t\t\t\t<\/ul>\n\t\t\t\t<\/div>\n\t\t\t\t<\/div>\n\t\t\t\t<div class=\"elementor-element elementor-element-b2883ea elementor-widget elementor-widget-heading\" data-id=\"b2883ea\" data-element_type=\"widget\" data-widget_type=\"heading.default\">\n\t\t\t\t<div class=\"elementor-widget-container\">\n\t\t\t<h2 class=\"elementor-heading-title elementor-size-default\">Maastikukujundus<\/h2>\t\t<\/div>\n\t\t\t\t<\/div>\n\t\t\t\t<div class=\"elementor-element elementor-element-773175b elementor-widget elementor-widget-image\" data-id=\"773175b\" data-element_type=\"widget\" data-widget_type=\"image.default\">\n\t\t\t\t<div class=\"elementor-widget-container\">\n\t\t\t\t\t\t\t\t\t\t\t\t\t<img decoding=\"async\" width=\"795\" height=\"529\" src=\"https:\/\/viride-construction.com\/wp-content\/uploads\/2021\/10\/image2-des.jpg\" class=\"attachment-large size-large wp-image-231\" alt=\"\" srcset=\"https:\/\/viride-construction.com\/wp-content\/uploads\/2021\/10\/image2-des.jpg 795w, https:\/\/viride-construction.com\/wp-content\/uploads\/2021\/10\/image2-des-300x200.jpg 300w, https:\/\/viride-construction.com\/wp-content\/uploads\/2021\/10\/image2-des-768x511.jpg 768w\" sizes=\"(max-width: 795px) 100vw, 795px\" \/>\t\t\t\t\t\t\t\t\t\t\t\t\t<\/div>\n\t\t\t\t<\/div>\n\t\t\t\t<div class=\"elementor-element elementor-element-7f8beac elementor-widget elementor-widget-text-editor\" data-id=\"7f8beac\" data-element_type=\"widget\" data-widget_type=\"text-editor.default\">\n\t\t\t\t<div class=\"elementor-widget-container\">\n\t\t\t\t\t\t\t<p>Pole juhuslik arvamus, et maastikukujundus sisendab endas tervelt kolm suunda: arhitektuuri ja projekteerimist, botaanikat ja filosoofiat [2]\u00a0. \u00d5igesti valitud ja arukalt realiseeritud projekt mitte ainult ei r\u00f5\u00f5musta silma, vaid ka puudutab s\u00fcgavalt hinge. Ilusas, hoolitsetud aias on tore puhata nii hingeliselt kui ka f\u00fc\u00fcsilisel. Peale selle, aitab disain-projekt \u201elaiendada\u201c krundi horisonte: seadma kokku taimed ja puhkealad nii, et k\u00f5igele j\u00e4tkuks ruumi ja seejuures ei kaoks \u00f5hu ja ruumi tunne.<\/p>\t\t\t\t\t\t<\/div>\n\t\t\t\t<\/div>\n\t\t\t\t\t<\/div>\n\t\t<\/div>\n\t\t\t\t\t<\/div>\n\t\t<\/section>\n\t\t\t\t<\/div>","protected":false},"excerpt":{"rendered":"<p>Interior Design Upon the completion of construction of a private house, interior finishing is carried out \u2013 this stage helps to improve the appearance of the interior and create a protective barrier to the walls. During the finishing, there will be a need for the help of a designer who will simulate the future interior [&hellip;]<\/p>","protected":false},"author":1,"featured_media":0,"parent":0,"menu_order":0,"comment_status":"closed","ping_status":"closed","template":"","meta":{"footnotes":""},"class_list":["post-189","page","type-page","status-publish","hentry"],"_links":{"self":[{"href":"https:\/\/viride-construction.com\/et\/wp-json\/wp\/v2\/pages\/189","targetHints":{"allow":["GET"]}}],"collection":[{"href":"https:\/\/viride-construction.com\/et\/wp-json\/wp\/v2\/pages"}],"about":[{"href":"https:\/\/viride-construction.com\/et\/wp-json\/wp\/v2\/types\/page"}],"author":[{"embeddable":true,"href":"https:\/\/viride-construction.com\/et\/wp-json\/wp\/v2\/users\/1"}],"replies":[{"embeddable":true,"href":"https:\/\/viride-construction.com\/et\/wp-json\/wp\/v2\/comments?post=189"}],"version-history":[{"count":31,"href":"https:\/\/viride-construction.com\/et\/wp-json\/wp\/v2\/pages\/189\/revisions"}],"predecessor-version":[{"id":296,"href":"https:\/\/viride-construction.com\/et\/wp-json\/wp\/v2\/pages\/189\/revisions\/296"}],"wp:attachment":[{"href":"https:\/\/viride-construction.com\/et\/wp-json\/wp\/v2\/media?parent=189"}],"curies":[{"name":"wp","href":"https:\/\/api.w.org\/{rel}","templated":true}]}}